{"id":3,"date":"2024-03-20T10:59:14","date_gmt":"2024-03-20T09:59:14","guid":{"rendered":"https:\/\/www.mdweb.sk\/?page_id=3"},"modified":"2024-03-25T17:21:52","modified_gmt":"2024-03-25T16:21:52","slug":"ochrana-sukromia","status":"publish","type":"page","link":"https:\/\/www.mdweb.sk\/en\/ochrana-sukromia\/","title":{"rendered":"Protection of Personal Data and Cookies"},"content":{"rendered":"<p>Welcome to our website. This site is based on respecting and protecting your personal data. Below you will find information about how we secure your data and how we use cookies.<\/p>\n\n\n\n<h2 class=\"wp-block-heading\">Privacy<\/h2>\n\n\n\n<h3 class=\"wp-block-heading\">Collection of Personal Data<\/h3>\n\n\n\n<p>When you use this website, we may collect certain types of personal information, such as names, contact information, and demographic information. We only collect this data when you voluntarily provide it to us through forms or other interactive elements on our site.<\/p>\n\n\n\n<h3 class=\"wp-block-heading\">Use of Personal Data<\/h3>\n\n\n\n<p>We use your personal data to improve our services and tailor content to your interests. We will never provide your data to a third party without your express consent, except where required by law.<\/p>\n\n\n\n<h3 class=\"wp-block-heading\">Data protection<\/h3>\n\n\n\n<p>Ensuring the security of your personal data is a priority for us. We use various technical and organizational measures to protect your data from unauthorized access, misuse, loss or destruction.<\/p>\n\n\n\n<h2 class=\"wp-block-heading\">Cookies files<\/h2>\n\n\n\n<h3 class=\"wp-block-heading\">What Are Cookies?<\/h3>\n\n\n\n<p>Cookies are small text files stored in your browser that allow a website to recognize you and remember certain information.<\/p>\n\n\n\n<h3 class=\"wp-block-heading\">How Do We Use Cookies?<\/h3>\n\n\n\n<p>We use cookies for various purposes, including remembering your preferences, analyzing site usage, and personalizing content. You can change your cookie settings in your browser at any time or refuse their use.<\/p>\n\n\n\n<h3 class=\"wp-block-heading\">Control of Cookies Files<\/h3>\n\n\n\n<p>Most browsers allow control over cookies. You can reject them or set a notification when a cookie tries to be stored on your device. Please note that rejecting cookies may affect the functionality of some parts of our site.<\/p>\n\n\n\n<h2 class=\"wp-block-heading\">Contact us<\/h2>\n\n\n\n<p>If you have any questions or concerns about our privacy policy or the use of cookies, please do not hesitate to contact us.<\/p>\n\n\n\n<p>Your privacy is important to us and we do our best to ensure that your personal information is protected and maintained in accordance with the highest data protection standards.<\/p>","protected":false},"excerpt":{"rendered":"<p>Vitajte na na\u0161ej webovej str\u00e1nke. T\u00e1to str\u00e1nka je zalo\u017een\u00e1 na re\u0161pektovan\u00ed a ochrane va\u0161ich osobn\u00fdch \u00fadajov. Ni\u017e\u0161ie n\u00e1jdete inform\u00e1cie o tom, ako zabezpe\u010dujeme va\u0161e \u00fadaje a ako pou\u017e\u00edvame s\u00fabory cookies. Ochrana Osobn\u00fdch \u00dadajov Zber Osobn\u00fdch \u00dadajov Pri pou\u017e\u00edvan\u00ed tejto webovej str\u00e1nky m\u00f4\u017eeme zbiera\u0165 ur\u010dit\u00e9 typy osobn\u00fdch \u00fadajov, ako s\u00fa men\u00e1, kontaktn\u00e9 \u00fadaje a demografick\u00e9 inform\u00e1cie. [&hellip;]<\/p>","protected":false},"author":1,"featured_media":0,"parent":0,"menu_order":0,"comment_status":"closed","ping_status":"open","template":"","meta":{"om_disable_all_campaigns":false,"_uf_show_specific_survey":0,"_uf_disable_surveys":false,"footnotes":""},"class_list":["post-3","page","type-page","status-publish","hentry"],"aioseo_notices":[],"_links":{"self":[{"href":"https:\/\/www.mdweb.sk\/en\/wp-json\/wp\/v2\/pages\/3","targetHints":{"allow":["GET"]}}],"collection":[{"href":"https:\/\/www.mdweb.sk\/en\/wp-json\/wp\/v2\/pages"}],"about":[{"href":"https:\/\/www.mdweb.sk\/en\/wp-json\/wp\/v2\/types\/page"}],"author":[{"embeddable":true,"href":"https:\/\/www.mdweb.sk\/en\/wp-json\/wp\/v2\/users\/1"}],"replies":[{"embeddable":true,"href":"https:\/\/www.mdweb.sk\/en\/wp-json\/wp\/v2\/comments?post=3"}],"version-history":[{"count":0,"href":"https:\/\/www.mdweb.sk\/en\/wp-json\/wp\/v2\/pages\/3\/revisions"}],"wp:attachment":[{"href":"https:\/\/www.mdweb.sk\/en\/wp-json\/wp\/v2\/media?parent=3"}],"curies":[{"name":"wp","href":"https:\/\/api.w.org\/{rel}","templated":true}]}}